{"id":161459,"date":"2026-03-31T15:10:26","date_gmt":"2026-03-31T13:10:26","guid":{"rendered":"https:\/\/synco.smartbase.sk\/slowakische-neo-tech\/"},"modified":"2026-04-09T16:03:42","modified_gmt":"2026-04-09T14:03:42","slug":"slovakian-neo-tech","status":"publish","type":"page","link":"https:\/\/syncogroup.eu\/de\/slovakian-neo-tech\/","title":{"rendered":"Slovakian Neo Tech"},"content":{"rendered":"<div class=\"wpb-content-wrapper\"><p>[vc_row unlock_row_content=&#8220;yes&#8220; row_height_percent=&#8220;0&#8243; override_padding=&#8220;yes&#8220; h_padding=&#8220;7&#8243; top_padding=&#8220;7&#8243; bottom_padding=&#8220;7&#8243; back_image=&#8220;2286&#8243; back_position=&#8220;center top&#8220; overlay_alpha=&#8220;75&#8243; overlay_color_blend=&#8220;multiply&#8220; overlay_animated=&#8220;yes&#8220; overlay_animated_size=&#8220;0.7&#8243; gutter_size=&#8220;3&#8243; column_width_percent=&#8220;100&#8243; shift_y=&#8220;0&#8243; z_index=&#8220;0&#8243; bottom_divider=&#8220;gradient&#8220; css_animation=&#8220;scroll-trigger&#8220; animation_state=&#8220;end&#8220; animation_origin=&#8220;center&#8220; animation_scale_val=&#8220;100&#8243; animation_opacity=&#8220;0&#8243; animation_x=&#8220;0&#8243; animation_y=&#8220;0&#8243; animation_blur=&#8220;0&#8243; animation_rotate=&#8220;0&#8243; animation_perspective=&#8220;0&#8243; animation_offset_top=&#8220;0&#8243; animation_offset_bottom=&#8220;85&#8243; content_parallax=&#8220;3&#8243; uncode_shortcode_id=&#8220;107247&#8243; back_color_type=&#8220;uncode-solid&#8220; overlay_color_type=&#8220;uncode-solid&#8220; overlay_color_solid=&#8220;#d86329&#8243; back_color_solid=&#8220;#fdbb41&#8243; overlay_animated_1_color_type=&#8220;uncode-solid&#8220; overlay_animated_1_color_solid=&#8220;#fdbb41&#8243; overlay_animated_2_color_type=&#8220;uncode-solid&#8220; overlay_animated_2_color_solid=&#8220;#fff4b7&#8243;][vc_column column_width_percent=&#8220;100&#8243; position_vertical=&#8220;bottom&#8220; gutter_size=&#8220;4&#8243; style=&#8220;dark&#8220; overlay_alpha=&#8220;50&#8243; shift_x=&#8220;0&#8243; shift_y=&#8220;0&#8243; shift_y_down=&#8220;0&#8243; z_index=&#8220;0&#8243; medium_width=&#8220;0&#8243; mobile_width=&#8220;0&#8243; width=&#8220;1\/1&#8243; uncode_shortcode_id=&#8220;138994&#8243;][vc_row_inner limit_content=&#8220;&#8220;][vc_column_inner column_width_percent=&#8220;100&#8243; position_horizontal=&#8220;left&#8220; gutter_size=&#8220;3&#8243; style=&#8220;dark&#8220; overlay_alpha=&#8220;50&#8243; shift_x=&#8220;0&#8243; shift_y=&#8220;0&#8243; shift_y_down=&#8220;0&#8243; z_index=&#8220;0&#8243; medium_width=&#8220;0&#8243; mobile_width=&#8220;0&#8243; width=&#8220;9\/12&#8243; uncode_shortcode_id=&#8220;311432&#8243;][vc_custom_heading text_font=&#8220;font-161747&#8243; text_size=&#8220;fontsize-338686&#8243; text_weight=&#8220;300&#8243; text_space=&#8220;fontspace-111509&#8243; separator=&#8220;yes&#8220; uncode_shortcode_id=&#8220;166225&#8243;]Gemeinsam schaffen wir eine elektrisierende Zukunft[\/vc_custom_heading][vc_custom_heading text_size=&#8220;h4&#8243; uncode_shortcode_id=&#8220;662165&#8243;]Dieses Unternehmen ist Teil des Bereichs Forschung &amp; Entwicklung der SynCo Gruppe[\/vc_custom_heading][vc_button size=&#8220;btn-xl&#8220; radius=&#8220;btn-circle&#8220; border_animation=&#8220;btn-ripple-out&#8220; border_width=&#8220;0&#8243; link=&#8220;url:https%3A%2F%2Fenviron-ecs.sk%2F|target:_blank|&#8220; uncode_shortcode_id=&#8220;174865&#8243;]Mehr entdecken[\/vc_button][\/vc_column_inner][vc_column_inner column_width_percent=&#8220;100&#8243; gutter_size=&#8220;3&#8243; overlay_alpha=&#8220;50&#8243; shift_x=&#8220;0&#8243; shift_y=&#8220;0&#8243; shift_y_down=&#8220;0&#8243; z_index=&#8220;0&#8243; medium_visibility=&#8220;yes&#8220; medium_width=&#8220;0&#8243; mobile_visibility=&#8220;yes&#8220; mobile_width=&#8220;0&#8243; width=&#8220;3\/12&#8243; uncode_shortcode_id=&#8220;100417&#8243;][vc_single_image media=&#8220;161225&#8243; media_width_percent=&#8220;75&#8243; alignment=&#8220;center&#8220; uncode_shortcode_id=&#8220;201942&#8243;][\/vc_column_inner][\/vc_row_inner][\/vc_column][\/vc_row][vc_row unlock_row_content=&#8220;yes&#8220; row_height_percent=&#8220;0&#8243; override_padding=&#8220;yes&#8220; h_padding=&#8220;7&#8243; top_padding=&#8220;0&#8243; bottom_padding=&#8220;5&#8243; overlay_alpha=&#8220;50&#8243; gutter_size=&#8220;3&#8243; column_width_percent=&#8220;100&#8243; shift_y=&#8220;0&#8243; z_index=&#8220;0&#8243; content_parallax=&#8220;0&#8243; uncode_shortcode_id=&#8220;721611&#8243;][vc_column column_width_percent=&#8220;100&#8243; gutter_size=&#8220;4&#8243; overlay_alpha=&#8220;50&#8243; shift_x=&#8220;0&#8243; shift_y=&#8220;0&#8243; shift_y_down=&#8220;0&#8243; z_index=&#8220;0&#8243; medium_width=&#8220;0&#8243; mobile_width=&#8220;0&#8243; width=&#8220;1\/1&#8243; uncode_shortcode_id=&#8220;555793&#8243;][vc_row_inner row_inner_height_percent=&#8220;0&#8243; overlay_alpha=&#8220;50&#8243; gutter_size=&#8220;3&#8243; shift_y=&#8220;0&#8243; z_index=&#8220;0&#8243; limit_content=&#8220;&#8220; uncode_shortcode_id=&#8220;591714&#8243; el_class=&#8220;restricted&#8220;][vc_column_inner column_width_percent=&#8220;100&#8243; position_horizontal=&#8220;left&#8220; gutter_size=&#8220;3&#8243; overlay_alpha=&#8220;50&#8243; shift_x=&#8220;0&#8243; shift_y=&#8220;0&#8243; shift_y_down=&#8220;0&#8243; z_index=&#8220;0&#8243; medium_width=&#8220;0&#8243; mobile_width=&#8220;0&#8243; width=&#8220;5\/6&#8243; uncode_shortcode_id=&#8220;931043&#8243;][vc_empty_space empty_h=&#8220;2&#8243;][vc_custom_heading text_font=&#8220;font-161747&#8243; text_size=&#8220;fontsize-155944&#8243; text_weight=&#8220;300&#8243; text_space=&#8220;fontspace-111509&#8243; uncode_shortcode_id=&#8220;783111&#8243;]Entwicklung von elektronischen Bauteilen und Komponenten[\/vc_custom_heading][\/vc_column_inner][vc_column_inner column_width_percent=&#8220;100&#8243; gutter_size=&#8220;3&#8243; overlay_alpha=&#8220;50&#8243; shift_x=&#8220;0&#8243; shift_y=&#8220;0&#8243; shift_y_down=&#8220;0&#8243; z_index=&#8220;0&#8243; medium_visibility=&#8220;yes&#8220; medium_width=&#8220;0&#8243; mobile_visibility=&#8220;yes&#8220; mobile_width=&#8220;0&#8243; width=&#8220;1\/6&#8243; uncode_shortcode_id=&#8220;171906&#8243;][\/vc_column_inner][\/vc_row_inner][vc_row_inner row_inner_height_percent=&#8220;0&#8243; overlay_alpha=&#8220;50&#8243; gutter_size=&#8220;4&#8243; shift_y=&#8220;0&#8243; z_index=&#8220;0&#8243; limit_content=&#8220;&#8220; uncode_shortcode_id=&#8220;870065&#8243;][vc_column_inner column_width_percent=&#8220;100&#8243; gutter_size=&#8220;2&#8243; overlay_alpha=&#8220;50&#8243; shift_x=&#8220;0&#8243; shift_y=&#8220;0&#8243; shift_y_down=&#8220;0&#8243; z_index=&#8220;0&#8243; medium_width=&#8220;0&#8243; mobile_width=&#8220;0&#8243; width=&#8220;1\/3&#8243; uncode_shortcode_id=&#8220;184587&#8243;][vc_custom_heading heading_semantic=&#8220;p&#8220; text_font=&#8220;font-161747&#8243; text_size=&#8220;h4&#8243; text_weight=&#8220;500&#8243; text_height=&#8220;fontheight-357766&#8243; text_space=&#8220;fontspace-781688&#8243; uncode_shortcode_id=&#8220;204353&#8243;]01[\/vc_custom_heading][vc_separator sep_color=&#8220;&#8220; uncode_shortcode_id=&#8220;149747&#8243;][vc_empty_space empty_h=&#8220;1&#8243;][vc_custom_heading heading_semantic=&#8220;h3&#8243; text_font=&#8220;font-161747&#8243; text_weight=&#8220;300&#8243; text_space=&#8220;fontspace-111509&#8243; uncode_shortcode_id=&#8220;160702&#8243;]Innovative elektronische Verkabelung[\/vc_custom_heading][vc_custom_heading text_color=&#8220;color-wvjs&#8220; heading_semantic=&#8220;p&#8220; text_font=&#8220;font-161747&#8243; text_size=&#8220;h4&#8243; text_weight=&#8220;300&#8243; text_height=&#8220;fontheight-357766&#8243; text_space=&#8220;fontspace-111509&#8243; uncode_shortcode_id=&#8220;394860&#8243; text_color_type=&#8220;uncode-palette&#8220;]Wir bringen Technologieprojekte in den Bereichen erneuerbare Energien, Mechatronik, Informationstechnologie und intelligente Feldverbindungen in Mittel- und S\u00fcdosteuropa zusammen.[\/vc_custom_heading][\/vc_column_inner][vc_column_inner column_width_percent=&#8220;100&#8243; gutter_size=&#8220;2&#8243; overlay_alpha=&#8220;50&#8243; shift_x=&#8220;0&#8243; shift_y=&#8220;0&#8243; shift_y_down=&#8220;0&#8243; z_index=&#8220;0&#8243; medium_width=&#8220;0&#8243; mobile_width=&#8220;0&#8243; width=&#8220;1\/3&#8243; uncode_shortcode_id=&#8220;118523&#8243;][vc_custom_heading heading_semantic=&#8220;p&#8220; text_font=&#8220;font-161747&#8243; text_size=&#8220;h4&#8243; text_weight=&#8220;500&#8243; text_height=&#8220;fontheight-357766&#8243; text_space=&#8220;fontspace-781688&#8243; uncode_shortcode_id=&#8220;812583&#8243;]02[\/vc_custom_heading][vc_separator sep_color=&#8220;&#8220; uncode_shortcode_id=&#8220;149747&#8243;][vc_empty_space empty_h=&#8220;1&#8243;][vc_custom_heading heading_semantic=&#8220;h3&#8243; text_font=&#8220;font-161747&#8243; text_weight=&#8220;300&#8243; text_space=&#8220;fontspace-111509&#8243; uncode_shortcode_id=&#8220;368208&#8243;]Vision und Motivation[\/vc_custom_heading][vc_custom_heading text_color=&#8220;color-wvjs&#8220; heading_semantic=&#8220;p&#8220; text_font=&#8220;font-161747&#8243; text_size=&#8220;h4&#8243; text_weight=&#8220;300&#8243; text_height=&#8220;fontheight-357766&#8243; text_space=&#8220;fontspace-111509&#8243; uncode_shortcode_id=&#8220;482574&#8243; text_color_type=&#8220;uncode-palette&#8220;]Unser Bestreben ist es, innovative Technologie mit Finanz- und Investitionsberatung zu kombinieren, damit unsere Kunden sicher von der Idee zum Projekt gelangen.<\/p>\n<p>Wir agieren als zuverl\u00e4ssiger Partner f\u00fcr Unternehmen, Investoren und den \u00f6ffentlichen Sektor, wobei wir den Schwerpunkt auf Energieeffizienz, Nachhaltigkeit und langfristigen Projektwert legen. Wir erforschen und entwickeln fortschrittliche Verkabelungsl\u00f6sungen, die auch auf schwachen elektrischen Feldern basieren.[\/vc_custom_heading][\/vc_column_inner][vc_column_inner column_width_percent=&#8220;100&#8243; gutter_size=&#8220;2&#8243; overlay_alpha=&#8220;50&#8243; shift_x=&#8220;0&#8243; shift_y=&#8220;0&#8243; shift_y_down=&#8220;0&#8243; z_index=&#8220;0&#8243; medium_width=&#8220;0&#8243; mobile_width=&#8220;0&#8243; width=&#8220;1\/3&#8243; uncode_shortcode_id=&#8220;787464&#8243;][vc_custom_heading heading_semantic=&#8220;p&#8220; text_font=&#8220;font-161747&#8243; text_size=&#8220;h4&#8243; text_weight=&#8220;500&#8243; text_height=&#8220;fontheight-357766&#8243; text_space=&#8220;fontspace-781688&#8243; uncode_shortcode_id=&#8220;421960&#8243;]03[\/vc_custom_heading][vc_separator sep_color=&#8220;&#8220; uncode_shortcode_id=&#8220;149747&#8243;][vc_empty_space empty_h=&#8220;1&#8243;][vc_custom_heading heading_semantic=&#8220;h3&#8243; text_font=&#8220;font-161747&#8243; text_weight=&#8220;300&#8243; text_space=&#8220;fontspace-111509&#8243; uncode_shortcode_id=&#8220;183228&#8243;]Kompetenz in Elektronik[\/vc_custom_heading][vc_custom_heading text_color=&#8220;color-wvjs&#8220; heading_semantic=&#8220;p&#8220; text_font=&#8220;font-161747&#8243; text_size=&#8220;h4&#8243; text_weight=&#8220;300&#8243; text_height=&#8220;fontheight-357766&#8243; text_space=&#8220;fontspace-111509&#8243; uncode_shortcode_id=&#8220;129757&#8243; text_color_type=&#8220;uncode-palette&#8220;]Das SLOVAKIAN NeoTech Institute d.o.o. mit Sitz in Novi Sad fungiert als regionales Zentrum f\u00fcr Forschung und Entwicklung und Technologieprojekte in Serbien und Umgebung.<\/p>\n<p>Das Team in der Vojvodina konzentriert sich auf die Entwicklung von intelligenten Energiesysteml\u00f6sungen in enger Zusammenarbeit mit lokalen Partnern.[\/vc_custom_heading][\/vc_column_inner][\/vc_row_inner][\/vc_column][\/vc_row][vc_row row_height_percent=&#8220;0&#8243; override_padding=&#8220;yes&#8220; h_padding=&#8220;2&#8243; top_padding=&#8220;5&#8243; bottom_padding=&#8220;0&#8243; overlay_alpha=&#8220;50&#8243; gutter_size=&#8220;3&#8243; column_width_percent=&#8220;100&#8243; shift_y=&#8220;0&#8243; z_index=&#8220;0&#8243; content_parallax=&#8220;0&#8243; uncode_shortcode_id=&#8220;197754&#8243;][vc_column column_width_percent=&#8220;100&#8243; position_vertical=&#8220;middle&#8220; align_horizontal=&#8220;align_center&#8220; gutter_size=&#8220;4&#8243; overlay_alpha=&#8220;50&#8243; shift_x=&#8220;0&#8243; shift_y=&#8220;0&#8243; shift_y_down=&#8220;0&#8243; z_index=&#8220;0&#8243; medium_width=&#8220;0&#8243; mobile_width=&#8220;0&#8243; width=&#8220;1\/1&#8243; uncode_shortcode_id=&#8220;634685&#8243;][vc_gallery el_id=&#8220;gallery-213396&#8243; type=&#8220;carousel&#8220; medias=&#8220;161444,161445,161446,161447,161448&#8243; carousel_lg=&#8220;2&#8243; carousel_md=&#8220;2&#8243; carousel_sm=&#8220;1&#8243; thumb_size=&#8220;three-two&#8220; gutter_size=&#8220;2&#8243; media_items=&#8220;media|nolink|original,icon&#8220; carousel_interval=&#8220;0&#8243; carousel_navspeed=&#8220;400&#8243; carousel_loop=&#8220;yes&#8220; carousel_overflow=&#8220;yes&#8220; stage_padding=&#8220;0&#8243; single_shape=&#8220;round&#8220; radius=&#8220;lg&#8220; single_overlay_opacity=&#8220;50&#8243; single_overlay_anim=&#8220;no&#8220; single_text_anim=&#8220;no&#8220; single_image_anim=&#8220;no&#8220; single_padding=&#8220;2&#8243; single_border=&#8220;yes&#8220; uncode_shortcode_id=&#8220;184424&#8243; single_link=&#8220;url:%23&#8243;][vc_empty_space empty_h=&#8220;3&#8243;][\/vc_column][\/vc_row][vc_section overlay_alpha=&#8220;50&#8243; content_parallax=&#8220;0&#8243; uncode_shortcode_id=&#8220;150116&#8243; back_color_type=&#8220;uncode-solid&#8220; back_color_solid=&#8220;#0c4f48&#8243;][vc_row unlock_row_content=&#8220;yes&#8220; row_height_percent=&#8220;0&#8243; override_padding=&#8220;yes&#8220; h_padding=&#8220;7&#8243; top_padding=&#8220;5&#8243; bottom_padding=&#8220;5&#8243; overlay_alpha=&#8220;50&#8243; gutter_size=&#8220;3&#8243; column_width_percent=&#8220;100&#8243; shift_y=&#8220;0&#8243; z_index=&#8220;0&#8243; top_divider=&#8220;gradient&#8220; css_animation=&#8220;scroll-trigger&#8220; animation_scale_val=&#8220;100&#8243; animation_opacity=&#8220;0&#8243; animation_x=&#8220;0&#8243; animation_y=&#8220;0&#8243; animation_blur=&#8220;0&#8243; animation_rotate=&#8220;0&#8243; animation_perspective=&#8220;0&#8243; animation_offset_top=&#8220;80&#8243; animation_offset_bottom=&#8220;60&#8243; content_parallax=&#8220;0&#8243; uncode_shortcode_id=&#8220;172541&#8243;][vc_column column_width_percent=&#8220;100&#8243; gutter_size=&#8220;3&#8243; style=&#8220;dark&#8220; overlay_alpha=&#8220;50&#8243; shift_x=&#8220;0&#8243; shift_y=&#8220;0&#8243; shift_y_down=&#8220;0&#8243; z_index=&#8220;0&#8243; medium_width=&#8220;0&#8243; mobile_width=&#8220;0&#8243; width=&#8220;1\/1&#8243; uncode_shortcode_id=&#8220;197315&#8243;][vc_row_inner limit_content=&#8220;&#8220;][vc_column_inner column_width_percent=&#8220;100&#8243; gutter_size=&#8220;2&#8243; style=&#8220;dark&#8220; overlay_alpha=&#8220;50&#8243; shift_x=&#8220;0&#8243; shift_y=&#8220;0&#8243; shift_y_down=&#8220;0&#8243; z_index=&#8220;0&#8243; medium_width=&#8220;0&#8243; mobile_width=&#8220;0&#8243; width=&#8220;9\/12&#8243; uncode_shortcode_id=&#8220;352205&#8243;][vc_custom_heading text_font=&#8220;font-161747&#8243; text_size=&#8220;fontsize-155944&#8243; text_weight=&#8220;300&#8243; text_space=&#8220;fontspace-111509&#8243; uncode_shortcode_id=&#8220;256650&#8243;]SLOWAKISCHES NEOTECH-INSTITUT[\/vc_custom_heading][vc_custom_heading heading_semantic=&#8220;h3&#8243; text_font=&#8220;font-161747&#8243; text_size=&#8220;h3&#8243; text_weight=&#8220;300&#8243; text_space=&#8220;fontspace-111509&#8243; uncode_shortcode_id=&#8220;830987&#8243; text_color_type=&#8220;uncode-solid&#8220; text_color_solid=&#8220;rgba(255,255,255,0.5)&#8220;]Ein neuer Ansatz f\u00fcr gedruckte Schaltungen[\/vc_custom_heading][\/vc_column_inner][vc_column_inner column_width_percent=&#8220;100&#8243; gutter_size=&#8220;3&#8243; overlay_alpha=&#8220;50&#8243; shift_x=&#8220;0&#8243; shift_y=&#8220;0&#8243; shift_y_down=&#8220;0&#8243; z_index=&#8220;0&#8243; medium_visibility=&#8220;yes&#8220; medium_width=&#8220;0&#8243; mobile_visibility=&#8220;yes&#8220; mobile_width=&#8220;0&#8243; width=&#8220;3\/12&#8243; uncode_shortcode_id=&#8220;109638&#8243;][\/vc_column_inner][\/vc_row_inner][vc_empty_space empty_h=&#8220;2&#8243; medium_visibility=&#8220;yes&#8220; mobile_visibility=&#8220;yes&#8220;][vc_separator sep_color=&#8220;&#8220; uncode_shortcode_id=&#8220;132615&#8243;][vc_empty_space empty_h=&#8220;2&#8243; medium_visibility=&#8220;yes&#8220; mobile_visibility=&#8220;yes&#8220;][vc_row_inner row_inner_height_percent=&#8220;0&#8243; overlay_alpha=&#8220;50&#8243; gutter_size=&#8220;5&#8243; shift_y=&#8220;0&#8243; z_index=&#8220;0&#8243; limit_content=&#8220;&#8220; uncode_shortcode_id=&#8220;202552&#8243;][vc_column_inner column_width_percent=&#8220;100&#8243; position_horizontal=&#8220;left&#8220; position_vertical=&#8220;bottom&#8220; gutter_size=&#8220;3&#8243; style=&#8220;dark&#8220; overlay_alpha=&#8220;50&#8243; shift_x=&#8220;0&#8243; shift_y=&#8220;0&#8243; shift_y_down=&#8220;0&#8243; z_index=&#8220;0&#8243; medium_visibility=&#8220;yes&#8220; medium_width=&#8220;0&#8243; mobile_visibility=&#8220;yes&#8220; mobile_width=&#8220;0&#8243; width=&#8220;1\/2&#8243; uncode_shortcode_id=&#8220;103498&#8243;][\/vc_column_inner][vc_column_inner column_width_percent=&#8220;100&#8243; position_horizontal=&#8220;left&#8220; gutter_size=&#8220;3&#8243; style=&#8220;dark&#8220; overlay_alpha=&#8220;50&#8243; shift_x=&#8220;0&#8243; shift_y=&#8220;0&#8243; shift_y_down=&#8220;0&#8243; z_index=&#8220;0&#8243; medium_width=&#8220;0&#8243; mobile_width=&#8220;0&#8243; width=&#8220;1\/2&#8243; uncode_shortcode_id=&#8220;108292&#8243;][uncode_counter value=&#8220;2019&#8243; counter_color=&#8220;&#8220; font=&#8220;font-955596&#8243; size=&#8220;custom&#8220; height=&#8220;fontheight-179065&#8243; text_space=&#8220;fontspace-111509&#8243; uncode_shortcode_id=&#8220;880201&#8243; heading_custom_size=&#8220;clamp(75px,8vw,125px)&#8220;][vc_custom_heading heading_semantic=&#8220;h4&#8243; text_font=&#8220;font-161747&#8243; text_size=&#8220;h4&#8243; text_weight=&#8220;400&#8243; text_space=&#8220;fontspace-111509&#8243; uncode_shortcode_id=&#8220;588958&#8243;]Das Jahr der Gr\u00fcndung des Unternehmens in der Slowakei sowie in Serbien und Bosnien &amp; Herzegowina.[\/vc_custom_heading][\/vc_column_inner][\/vc_row_inner][\/vc_column][\/vc_row][\/vc_section]<\/p>\n<\/div>","protected":false},"excerpt":{"rendered":"<p>[vc_row unlock_row_content=&#8220;yes&#8220; row_height_percent=&#8220;0&#8243; override_padding=&#8220;yes&#8220; h_padding=&#8220;7&#8243; top_padding=&#8220;7&#8243; bottom_padding=&#8220;7&#8243; back_image=&#8220;2286&#8243; back_position=&#8220;center top&#8220; overlay_alpha=&#8220;75&#8243; overlay_color_blend=&#8220;multiply&#8220; overlay_animated=&#8220;yes&#8220; overlay_animated_size=&#8220;0.7&#8243; gutter_size=&#8220;3&#8243; column_width_percent=&#8220;100&#8243; shift_y=&#8220;0&#8243; z_index=&#8220;0&#8243; bottom_divider=&#8220;gradient&#8220; css_animation=&#8220;scroll-trigger&#8220; [&hellip;]<\/p>\n","protected":false},"author":1,"featured_media":0,"parent":0,"menu_order":0,"comment_status":"closed","ping_status":"closed","template":"","meta":{"footnotes":""},"class_list":["post-161459","page","type-page","status-publish","hentry"],"_links":{"self":[{"href":"https:\/\/syncogroup.eu\/de\/wp-json\/wp\/v2\/pages\/161459","targetHints":{"allow":["GET"]}}],"collection":[{"href":"https:\/\/syncogroup.eu\/de\/wp-json\/wp\/v2\/pages"}],"about":[{"href":"https:\/\/syncogroup.eu\/de\/wp-json\/wp\/v2\/types\/page"}],"author":[{"embeddable":true,"href":"https:\/\/syncogroup.eu\/de\/wp-json\/wp\/v2\/users\/1"}],"replies":[{"embeddable":true,"href":"https:\/\/syncogroup.eu\/de\/wp-json\/wp\/v2\/comments?post=161459"}],"version-history":[{"count":4,"href":"https:\/\/syncogroup.eu\/de\/wp-json\/wp\/v2\/pages\/161459\/revisions"}],"predecessor-version":[{"id":161590,"href":"https:\/\/syncogroup.eu\/de\/wp-json\/wp\/v2\/pages\/161459\/revisions\/161590"}],"wp:attachment":[{"href":"https:\/\/syncogroup.eu\/de\/wp-json\/wp\/v2\/media?parent=161459"}],"curies":[{"name":"wp","href":"https:\/\/api.w.org\/{rel}","templated":true}]}}