{"id":161272,"date":"2026-03-25T17:38:57","date_gmt":"2026-03-25T16:38:57","guid":{"rendered":"https:\/\/synco.smartbase.sk\/synco-kontakt\/"},"modified":"2026-04-14T12:05:41","modified_gmt":"2026-04-14T10:05:41","slug":"kontakt","status":"publish","type":"page","link":"https:\/\/syncogroup.eu\/de\/kontakt\/","title":{"rendered":"SynCo Kontakt"},"content":{"rendered":"<div class=\"wpb-content-wrapper\"><p>[vc_row unlock_row_content=&#8220;yes&#8220; row_height_percent=&#8220;0&#8243; override_padding=&#8220;yes&#8220; h_padding=&#8220;7&#8243; top_padding=&#8220;7&#8243; bottom_padding=&#8220;7&#8243; back_image=&#8220;160813&#8243; back_position=&#8220;center top&#8220; overlay_alpha=&#8220;69&#8243; overlay_color_blend=&#8220;multiply&#8220; overlay_animated=&#8220;yes&#8220; overlay_animated_size=&#8220;0.7&#8243; gutter_size=&#8220;3&#8243; column_width_percent=&#8220;100&#8243; shift_y=&#8220;0&#8243; z_index=&#8220;0&#8243; bottom_divider=&#8220;gradient&#8220; css_animation=&#8220;scroll-trigger&#8220; animation_state=&#8220;end&#8220; animation_scale_val=&#8220;100&#8243; animation_opacity=&#8220;0&#8243; animation_x=&#8220;0&#8243; animation_y=&#8220;0&#8243; animation_blur=&#8220;0&#8243; animation_rotate=&#8220;0&#8243; animation_perspective=&#8220;0&#8243; animation_offset_top=&#8220;0&#8243; animation_offset_bottom=&#8220;85&#8243; content_parallax=&#8220;3&#8243; uncode_shortcode_id=&#8220;196951&#8243; back_color_type=&#8220;uncode-solid&#8220; overlay_color_type=&#8220;uncode-solid&#8220; overlay_color_solid=&#8220;#0c4f48&#8243; back_color_solid=&#8220;#0c4f48&#8243; overlay_animated_1_color_type=&#8220;uncode-solid&#8220; overlay_animated_1_color_solid=&#8220;#518883&#8243; overlay_animated_2_color_type=&#8220;uncode-solid&#8220; overlay_animated_2_color_solid=&#8220;#74faba&#8220;][vc_column column_width_percent=&#8220;100&#8243; position_vertical=&#8220;bottom&#8220; gutter_size=&#8220;4&#8243; style=&#8220;dark&#8220; overlay_alpha=&#8220;50&#8243; shift_x=&#8220;0&#8243; shift_y=&#8220;0&#8243; shift_y_down=&#8220;0&#8243; z_index=&#8220;0&#8243; medium_width=&#8220;0&#8243; mobile_width=&#8220;0&#8243; width=&#8220;1\/1&#8243; uncode_shortcode_id=&#8220;138994&#8243;][vc_row_inner limit_content=&#8220;&#8220;][vc_column_inner column_width_percent=&#8220;100&#8243; position_horizontal=&#8220;left&#8220; gutter_size=&#8220;3&#8243; style=&#8220;dark&#8220; overlay_alpha=&#8220;50&#8243; shift_x=&#8220;0&#8243; shift_y=&#8220;0&#8243; shift_y_down=&#8220;0&#8243; z_index=&#8220;0&#8243; medium_width=&#8220;0&#8243; mobile_width=&#8220;0&#8243; width=&#8220;9\/12&#8243; uncode_shortcode_id=&#8220;311432&#8243;][vc_custom_heading text_font=&#8220;font-161747&#8243; text_size=&#8220;custom&#8220; text_weight=&#8220;300&#8243; text_space=&#8220;fontspace-111509&#8243; uncode_shortcode_id=&#8220;527825&#8243; heading_custom_size=&#8220;clamp(50px,7vw,125px)&#8220;]Kontaktieren Sie uns und finden wir L\u00f6sungen[\/vc_custom_heading][\/vc_column_inner][vc_column_inner column_width_percent=&#8220;100&#8243; gutter_size=&#8220;3&#8243; overlay_alpha=&#8220;50&#8243; shift_x=&#8220;0&#8243; shift_y=&#8220;0&#8243; shift_y_down=&#8220;0&#8243; z_index=&#8220;0&#8243; medium_visibility=&#8220;yes&#8220; medium_width=&#8220;0&#8243; mobile_visibility=&#8220;yes&#8220; mobile_width=&#8220;0&#8243; width=&#8220;3\/12&#8243; uncode_shortcode_id=&#8220;107555&#8243;][\/vc_column_inner][\/vc_row_inner][vc_separator sep_color=&#8220;&#8220; full_width=&#8220;yes&#8220; uncode_shortcode_id=&#8220;184810&#8243;][vc_row_inner row_inner_height_percent=&#8220;0&#8243; overlay_alpha=&#8220;50&#8243; gutter_size=&#8220;5&#8243; shift_y=&#8220;0&#8243; z_index=&#8220;0&#8243; limit_content=&#8220;&#8220; uncode_shortcode_id=&#8220;157228&#8243;][vc_column_inner column_width_percent=&#8220;100&#8243; gutter_size=&#8220;3&#8243; style=&#8220;dark&#8220; overlay_alpha=&#8220;50&#8243; shift_x=&#8220;0&#8243; shift_y=&#8220;0&#8243; shift_y_down=&#8220;0&#8243; z_index=&#8220;0&#8243; medium_width=&#8220;0&#8243; mobile_width=&#8220;0&#8243; width=&#8220;4\/12&#8243; uncode_shortcode_id=&#8220;202754&#8243;][vc_custom_heading heading_semantic=&#8220;h3&#8243; text_font=&#8220;font-161747&#8243; text_size=&#8220;h3&#8243; text_weight=&#8220;300&#8243; text_height=&#8220;fontheight-357766&#8243; text_space=&#8220;fontspace-111509&#8243; uncode_shortcode_id=&#8220;199219&#8243;]Setzen Sie sich mit uns in Verbindung und lassen Sie uns gemeinsam herausfinden, wie unsere Expertise Sie bei der Verwirklichung Ihrer Ziele unterst\u00fctzen kann.[\/vc_custom_heading][\/vc_column_inner][\/vc_row_inner][\/vc_column][\/vc_row][vc_row unlock_row_content=&#8220;yes&#8220; row_height_percent=&#8220;0&#8243; override_padding=&#8220;yes&#8220; h_padding=&#8220;3&#8243; top_padding=&#8220;5&#8243; bottom_padding=&#8220;0&#8243; back_color=&#8220;color-xsdn&#8220; overlay_alpha=&#8220;50&#8243; equal_height=&#8220;yes&#8220; gutter_size=&#8220;2&#8243; column_width_percent=&#8220;100&#8243; border_color=&#8220;color-gyho&#8220; border_style=&#8220;solid&#8220; shift_y=&#8220;0&#8243; z_index=&#8220;0&#8243; content_parallax=&#8220;0&#8243; uncode_shortcode_id=&#8220;162538&#8243; border_color_type=&#8220;uncode-palette&#8220; css=&#8220;.vc_custom_1760552228266{border-top-width: 1px !important;}&#8220; back_color_type=&#8220;uncode-palette&#8220;][vc_column column_width_percent=&#8220;100&#8243; gutter_size=&#8220;2&#8243; override_padding=&#8220;yes&#8220; column_padding=&#8220;3&#8243; overlay_alpha=&#8220;50&#8243; radius=&#8220;lg&#8220; shift_x=&#8220;0&#8243; shift_y=&#8220;0&#8243; shift_y_down=&#8220;0&#8243; z_index=&#8220;0&#8243; medium_width=&#8220;0&#8243; mobile_width=&#8220;0&#8243; width=&#8220;1\/3&#8243; uncode_shortcode_id=&#8220;110437&#8243; back_color_type=&#8220;uncode-solid&#8220; back_color_solid=&#8220;#e7f0e7&#8243; el_class=&#8220;mid-color&#8220;][vc_icon display=&#8220;inline&#8220; icon_image=&#8220;160291&#8243; media_size=&#8220;160&#8243; uncode_shortcode_id=&#8220;176048&#8243; el_class=&#8220;circle-image&#8220;][\/vc_icon][vc_custom_heading heading_semantic=&#8220;h3&#8243; text_font=&#8220;font-161747&#8243; text_size=&#8220;h1&#8243; text_weight=&#8220;300&#8243; text_height=&#8220;fontheight-357766&#8243; text_space=&#8220;fontspace-111509&#8243; uncode_shortcode_id=&#8220;167044&#8243;]Ing. Samuel Babjak[\/vc_custom_heading][vc_custom_heading heading_semantic=&#8220;p&#8220; text_font=&#8220;font-161747&#8243; text_size=&#8220;h4&#8243; text_weight=&#8220;300&#8243; text_height=&#8220;fontheight-357766&#8243; uncode_shortcode_id=&#8220;171998&#8243;]Hauptgesellschafter und Gr\u00fcnder vieler Unternehmen der SynCo-Gruppe wie Environ, BABs und GrafenTech, wo er europ\u00e4ische Investoren, slowakische Partner und Forschungseinrichtungen zusammenbringt. Vorstandsmitglied von NVAS, Infocar, COMAG&#8230;, mit umfangreicher Erfahrung in den Bereichen Gesch\u00e4ftsentwicklung, Projektmanagement und Markteinf\u00fchrung neuer Technologien. Sie legt den Schwerpunkt auf den Aufbau vertikal integrierter Wertsch\u00f6pfungsketten. Das Unternehmen ist in den Bereichen erneuerbare Energien, intelligente L\u00f6sungen, Abfallmanagement und Bauwesen t\u00e4tig.[\/vc_custom_heading][\/vc_column][vc_column column_width_percent=&#8220;100&#8243; gutter_size=&#8220;2&#8243; override_padding=&#8220;yes&#8220; column_padding=&#8220;3&#8243; overlay_alpha=&#8220;50&#8243; radius=&#8220;lg&#8220; shift_x=&#8220;0&#8243; shift_y=&#8220;0&#8243; shift_y_down=&#8220;0&#8243; z_index=&#8220;0&#8243; medium_width=&#8220;0&#8243; mobile_width=&#8220;0&#8243; width=&#8220;1\/3&#8243; uncode_shortcode_id=&#8220;115920&#8243; back_color_type=&#8220;uncode-solid&#8220; back_color_solid=&#8220;#e7f0e7&#8243; el_class=&#8220;mid-color&#8220;][vc_icon display=&#8220;inline&#8220; icon_image=&#8220;160290&#8243; media_size=&#8220;160&#8243; uncode_shortcode_id=&#8220;251223&#8243;][\/vc_icon][vc_custom_heading heading_semantic=&#8220;h3&#8243; text_font=&#8220;font-161747&#8243; text_size=&#8220;h1&#8243; text_weight=&#8220;300&#8243; text_height=&#8220;fontheight-357766&#8243; text_space=&#8220;fontspace-111509&#8243; uncode_shortcode_id=&#8220;160152&#8243;]Ing. Peter Hegedu\u0161[\/vc_custom_heading][vc_custom_heading heading_semantic=&#8220;p&#8220; text_font=&#8220;font-161747&#8243; text_size=&#8220;h4&#8243; text_weight=&#8220;300&#8243; text_height=&#8220;fontheight-357766&#8243; uncode_shortcode_id=&#8220;689330&#8243;]Als gesch\u00e4ftsf\u00fchrender Gesellschafter der Energieabteilung der SynCo-Gruppe und Country Manager von Eurowind Energy ist er f\u00fcr die Strategie, die Projektentwicklung und das Finanzmanagement von EE-Projekten in Mitteleuropa verantwortlich. Er verf\u00fcgt \u00fcber mehr als 10 Jahre Erfahrung in der Branche der erneuerbaren Energien und hat sich auf die Bereiche Wind, Solar, Wasser und Energieeffizienz spezialisiert. Er ist Mitglied des Exekutivkomitees des slowakischen Wasserstoffverbandes und Energieexperte des slowakischen Verbandes der Photovoltaikindustrie. Er war zuvor im Bankensektor t\u00e4tig.[\/vc_custom_heading][vc_gallery][\/vc_column][vc_column column_width_percent=&#8220;100&#8243; gutter_size=&#8220;2&#8243; override_padding=&#8220;yes&#8220; column_padding=&#8220;3&#8243; overlay_alpha=&#8220;50&#8243; radius=&#8220;lg&#8220; shift_x=&#8220;0&#8243; shift_y=&#8220;0&#8243; shift_y_down=&#8220;0&#8243; z_index=&#8220;0&#8243; medium_width=&#8220;0&#8243; mobile_width=&#8220;0&#8243; width=&#8220;1\/3&#8243; uncode_shortcode_id=&#8220;285994&#8243; back_color_type=&#8220;uncode-solid&#8220; back_color_solid=&#8220;#e7f0e7&#8243; el_class=&#8220;mid-color&#8220;][vc_icon display=&#8220;inline&#8220; icon_image=&#8220;160912&#8243; media_size=&#8220;170&#8243; uncode_shortcode_id=&#8220;642330&#8243;][\/vc_icon][vc_custom_heading heading_semantic=&#8220;h3&#8243; text_font=&#8220;font-161747&#8243; text_size=&#8220;h1&#8243; text_weight=&#8220;300&#8243; text_height=&#8220;fontheight-357766&#8243; text_space=&#8220;fontspace-111509&#8243; uncode_shortcode_id=&#8220;158490&#8243;]Ing. J\u00e1n Karaba, MSc.[\/vc_custom_heading][vc_custom_heading heading_semantic=&#8220;p&#8220; text_font=&#8220;font-161747&#8243; text_size=&#8220;h4&#8243; text_weight=&#8220;300&#8243; text_height=&#8220;fontheight-357766&#8243; uncode_shortcode_id=&#8220;110026&#8243;]Er ist eine f\u00fchrende Autorit\u00e4t auf dem Gebiet der Energiegesetzgebung und der Integration erneuerbarer Energiequellen in der Slowakei und ein Schl\u00fcssel f\u00fcr die Umsetzung von technischen Projekten innerhalb der SynCo-Gruppe. Er ist seit 2019 Direktor der SAPI. Seine pers\u00f6nliche Mission ist es, die Entwicklung von RES zu unterst\u00fctzen und Hindernisse, die diese Entwicklung behindern oder blockieren, systematisch zu beseitigen. Jan erhielt seinen ersten Master-Abschluss von der Wirtschaftsuniversit\u00e4t in Prag und seinen zweiten Abschluss in erneuerbarer Energie von der Technischen Universit\u00e4t Wien. Er arbeitet auch als CEO von SolarEnergia.[\/vc_custom_heading][\/vc_column][\/vc_row][vc_row unlock_row_content=&#8220;yes&#8220; row_height_percent=&#8220;0&#8243; override_padding=&#8220;yes&#8220; h_padding=&#8220;7&#8243; top_padding=&#8220;5&#8243; bottom_padding=&#8220;3&#8243; back_color=&#8220;color-xsdn&#8220; overlay_alpha=&#8220;50&#8243; gutter_size=&#8220;3&#8243; column_width_percent=&#8220;100&#8243; shift_y=&#8220;0&#8243; z_index=&#8220;0&#8243; content_parallax=&#8220;0&#8243; uncode_shortcode_id=&#8220;159059&#8243; back_color_type=&#8220;uncode-palette&#8220;][vc_column column_width_percent=&#8220;100&#8243; gutter_size=&#8220;4&#8243; back_color=&#8220;color-xsdn&#8220; overlay_alpha=&#8220;50&#8243; shift_x=&#8220;0&#8243; shift_y=&#8220;0&#8243; shift_y_down=&#8220;0&#8243; z_index=&#8220;0&#8243; medium_width=&#8220;0&#8243; mobile_width=&#8220;0&#8243; width=&#8220;1\/1&#8243; uncode_shortcode_id=&#8220;244458&#8243; back_color_type=&#8220;uncode-palette&#8220;][vc_row_inner row_inner_height_percent=&#8220;0&#8243; overlay_alpha=&#8220;50&#8243; gutter_size=&#8220;4&#8243; shift_y=&#8220;0&#8243; z_index=&#8220;0&#8243; limit_content=&#8220;&#8220; uncode_shortcode_id=&#8220;171078&#8243;][vc_column_inner column_width_percent=&#8220;100&#8243; gutter_size=&#8220;3&#8243; overlay_alpha=&#8220;50&#8243; shift_x=&#8220;0&#8243; shift_y=&#8220;0&#8243; shift_y_down=&#8220;0&#8243; z_index=&#8220;0&#8243; medium_width=&#8220;0&#8243; mobile_width=&#8220;0&#8243; width=&#8220;1\/1&#8243; uncode_shortcode_id=&#8220;105436&#8243;][vc_custom_heading text_font=&#8220;font-161747&#8243; text_size=&#8220;fontsize-155944&#8243; text_weight=&#8220;500&#8243; text_height=&#8220;fontheight-357766&#8243; text_space=&#8220;fontspace-781688&#8243; uncode_shortcode_id=&#8220;662421&#8243; text_color_type=&#8220;uncode-solid&#8220; text_color_solid=&#8220;#0c4f48&#8243; el_id=&#8220;#contact&#8220;]Kontaktieren Sie uns[\/vc_custom_heading][vc_separator sep_color=&#8220;&#8220; uncode_shortcode_id=&#8220;473947&#8243;][\/vc_column_inner][\/vc_row_inner][\/vc_column][\/vc_row][vc_row unlock_row_content=&#8220;yes&#8220; row_height_percent=&#8220;0&#8243; override_padding=&#8220;yes&#8220; h_padding=&#8220;7&#8243; top_padding=&#8220;0&#8243; bottom_padding=&#8220;5&#8243; back_color=&#8220;color-xsdn&#8220; overlay_alpha=&#8220;50&#8243; gutter_size=&#8220;5&#8243; column_width_percent=&#8220;100&#8243; shift_y=&#8220;0&#8243; z_index=&#8220;0&#8243; content_parallax=&#8220;0&#8243; uncode_shortcode_id=&#8220;197940&#8243; back_color_type=&#8220;uncode-palette&#8220; el_id=&#8220;Kontakt&#8220;][vc_column column_width_percent=&#8220;100&#8243; gutter_size=&#8220;4&#8243; overlay_alpha=&#8220;50&#8243; shift_x=&#8220;0&#8243; shift_y=&#8220;0&#8243; shift_y_down=&#8220;0&#8243; z_index=&#8220;0&#8243; medium_width=&#8220;0&#8243; mobile_width=&#8220;0&#8243; width=&#8220;1\/2&#8243; uncode_shortcode_id=&#8220;133233&#8243;][vc_row_inner row_inner_height_percent=&#8220;0&#8243; overlay_alpha=&#8220;50&#8243; gutter_size=&#8220;4&#8243; shift_y=&#8220;0&#8243; z_index=&#8220;0&#8243; limit_content=&#8220;&#8220; uncode_shortcode_id=&#8220;172217&#8243;][vc_column_inner column_width_percent=&#8220;100&#8243; gutter_size=&#8220;2&#8243; overlay_alpha=&#8220;50&#8243; shift_x=&#8220;0&#8243; shift_y=&#8220;0&#8243; shift_y_down=&#8220;0&#8243; z_index=&#8220;0&#8243; medium_width=&#8220;0&#8243; mobile_width=&#8220;0&#8243; width=&#8220;1\/2&#8243; uncode_shortcode_id=&#8220;575648&#8243;][vc_custom_heading heading_semantic=&#8220;h5&#8243; text_font=&#8220;font-161747&#8243; text_weight=&#8220;300&#8243; text_height=&#8220;fontheight-357766&#8243; text_space=&#8220;fontspace-111509&#8243; uncode_shortcode_id=&#8220;998154&#8243;]Adresse[\/vc_custom_heading][vc_custom_heading text_color=&#8220;color-wvjs&#8220; heading_semantic=&#8220;p&#8220; text_font=&#8220;font-161747&#8243; text_size=&#8220;h4&#8243; text_weight=&#8220;300&#8243; text_height=&#8220;fontheight-524109&#8243; text_space=&#8220;fontspace-111509&#8243; uncode_shortcode_id=&#8220;191432&#8243; text_color_type=&#8220;uncode-palette&#8220;]Budy\u0161\u00ednska 36<br \/>\n831 02 Bratislava<br \/>\nSlowakei[\/vc_custom_heading][\/vc_column_inner][vc_column_inner column_width_percent=&#8220;100&#8243; gutter_size=&#8220;2&#8243; overlay_alpha=&#8220;50&#8243; shift_x=&#8220;0&#8243; shift_y=&#8220;0&#8243; shift_y_down=&#8220;0&#8243; z_index=&#8220;0&#8243; medium_width=&#8220;0&#8243; mobile_width=&#8220;0&#8243; width=&#8220;1\/2&#8243; uncode_shortcode_id=&#8220;167851&#8243;][vc_custom_heading heading_semantic=&#8220;h5&#8243; text_font=&#8220;font-161747&#8243; text_weight=&#8220;300&#8243; text_height=&#8220;fontheight-357766&#8243; text_space=&#8220;fontspace-111509&#8243; uncode_shortcode_id=&#8220;159413&#8243;]Telefon[\/vc_custom_heading][vc_custom_heading text_color=&#8220;color-wvjs&#8220; heading_semantic=&#8220;p&#8220; text_font=&#8220;font-161747&#8243; text_size=&#8220;h4&#8243; text_weight=&#8220;300&#8243; text_height=&#8220;fontheight-524109&#8243; text_space=&#8220;fontspace-111509&#8243; uncode_shortcode_id=&#8220;147154&#8243; text_color_type=&#8220;uncode-palette&#8220;]<a href=\"tel:+421904898321\">+421 904 898 321<\/a><\/p>\n<p><a href=\"tel:+421907210954\">+421 907 210 954<\/a>[\/vc_custom_heading][vc_empty_space][vc_custom_heading heading_semantic=&#8220;h5&#8243; text_font=&#8220;font-161747&#8243; text_weight=&#8220;300&#8243; text_height=&#8220;fontheight-357766&#8243; text_space=&#8220;fontspace-111509&#8243; uncode_shortcode_id=&#8220;207685&#8243;]E-Mail[\/vc_custom_heading][vc_custom_heading heading_semantic=&#8220;p&#8220; text_font=&#8220;font-161747&#8243; text_size=&#8220;h4&#8243; text_weight=&#8220;300&#8243; text_height=&#8220;fontheight-524109&#8243; text_space=&#8220;fontspace-111509&#8243; uncode_shortcode_id=&#8220;115115&#8243;]<a href=\"mailto:info@syncogroup.eu\">info@syncogroup.eu<\/a>[\/vc_custom_heading][\/vc_column_inner][\/vc_row_inner][\/vc_column][vc_column column_width_percent=&#8220;100&#8243; gutter_size=&#8220;3&#8243; font_family=&#8220;font-161747&#8243; overlay_alpha=&#8220;50&#8243; shift_x=&#8220;0&#8243; shift_y=&#8220;0&#8243; shift_y_down=&#8220;0&#8243; z_index=&#8220;0&#8243; medium_width=&#8220;0&#8243; mobile_width=&#8220;0&#8243; width=&#8220;1\/2&#8243; uncode_shortcode_id=&#8220;165548&#8243; el_class=&#8220;form-large&#8220;]\n<div class=\"wpcf7 no-js\" id=\"wpcf7-f10131-o1\" lang=\"en-US\" dir=\"ltr\" data-wpcf7-id=\"10131\">\n<div class=\"screen-reader-response\"><p role=\"status\" aria-live=\"polite\" aria-atomic=\"true\"><\/p> <ul><\/ul><\/div>\n<form action=\"\/de\/wp-json\/wp\/v2\/pages\/161272#wpcf7-f10131-o1\" method=\"post\" class=\"wpcf7-form init input-underline\" aria-label=\"Contact form\" novalidate=\"novalidate\" data-status=\"init\">\n<fieldset class=\"hidden-fields-container\"><input type=\"hidden\" name=\"_wpcf7\" value=\"10131\" \/><input type=\"hidden\" name=\"_wpcf7_version\" value=\"6.1.5\" \/><input type=\"hidden\" name=\"_wpcf7_locale\" value=\"en_US\" \/><input type=\"hidden\" name=\"_wpcf7_unit_tag\" value=\"wpcf7-f10131-o1\" \/><input type=\"hidden\" name=\"_wpcf7_container_post\" value=\"0\" \/><input type=\"hidden\" name=\"_wpcf7_posted_data_hash\" value=\"\" \/>\n<\/fieldset>\n<div class=\"wpcf7-inline-wrapper\">\n\t<p><span class=\"wpcf7-form-control-wrap\" data-name=\"tel-222\"><input size=\"40\" maxlength=\"400\" minlength=\"3\" class=\"wpcf7-form-control wpcf7-tel wpcf7-text wpcf7-validates-as-tel\" autocomplete=\"tel\" aria-invalid=\"false\" value=\"\" type=\"tel\" name=\"tel-222\" \/><\/span>\n\t<\/p>\n\t<p class=\"wpcf7-inline-field\"><label for=\"First-name\" class=\"wpcf7-inline-field\">Name*<\/label><br \/>\n<span class=\"wpcf7-form-control-wrap\" data-name=\"first-name\"><input size=\"40\" maxlength=\"400\" class=\"wpcf7-form-control wpcf7-text wpcf7-validates-as-required\" id=\"first-name\" aria-required=\"true\" aria-invalid=\"false\" placeholder=\"Your name\" value=\"\" type=\"text\" name=\"first-name\" \/><\/span>\n\t<\/p>\n\t<p class=\"wpcf7-inline-field\"><label for=\"email\" class=\"wpcf7-inline-field\">Email*<\/label><br \/>\n<span class=\"wpcf7-form-control-wrap\" data-name=\"email\"><input size=\"40\" maxlength=\"400\" class=\"wpcf7-form-control wpcf7-email wpcf7-validates-as-required wpcf7-text wpcf7-validates-as-email\" id=\"email\" aria-required=\"true\" aria-invalid=\"false\" placeholder=\"Email\" value=\"\" type=\"email\" name=\"email\" \/><\/span>\n\t<\/p>\n<\/div>\n<p><label for=\"your-message\">Your Message<\/label><br \/>\n<span class=\"wpcf7-form-control-wrap\" data-name=\"your-message\"><textarea cols=\"40\" rows=\"10\" maxlength=\"2000\" class=\"wpcf7-form-control wpcf7-textarea\" id=\"your-message\" aria-invalid=\"false\" placeholder=\"Your Message\" name=\"your-message\"><\/textarea><\/span>\n<\/p>\n<p><span class=\"wpcf7-form-control-wrap\" data-name=\"accept-this-1\"><span class=\"wpcf7-form-control wpcf7-acceptance\"><span class=\"wpcf7-list-item\"><label><input type=\"checkbox\" name=\"accept-this-1\" value=\"1\" aria-invalid=\"false\" \/><span class=\"wpcf7-list-item-label\">Check here if you accept our terms (<a href=\"#\">Privacy Policy<\/a>)<\/span><\/label><\/span><\/span><\/span>\n<\/p>\n<p><input class=\"wpcf7-form-control wpcf7-submit has-spinner btn btn-default btn-block btn-lg btn-circle btn-inherit font-weight-500\" type=\"submit\" value=\"Submit Message\" \/>\n<\/p><div class=\"wpcf7-response-output\" aria-hidden=\"true\"><\/div>\n<\/form>\n<\/div>\n[\/vc_column][\/vc_row][vc_row unlock_row_content=&#8220;yes&#8220; row_height_percent=&#8220;0&#8243; override_padding=&#8220;yes&#8220; h_padding=&#8220;0&#8243; top_padding=&#8220;2&#8243; bottom_padding=&#8220;5&#8243; back_color=&#8220;color-xsdn&#8220; overlay_alpha=&#8220;50&#8243; gutter_size=&#8220;3&#8243; column_width_percent=&#8220;100&#8243; shift_y=&#8220;0&#8243; z_index=&#8220;0&#8243; content_parallax=&#8220;0&#8243; uncode_shortcode_id=&#8220;188852&#8243; back_color_type=&#8220;uncode-palette&#8220;][vc_column column_width_percent=&#8220;100&#8243; position_vertical=&#8220;middle&#8220; align_horizontal=&#8220;align_center&#8220; gutter_size=&#8220;4&#8243; overlay_alpha=&#8220;50&#8243; shift_x=&#8220;0&#8243; shift_y=&#8220;0&#8243; shift_y_down=&#8220;0&#8243; z_index=&#8220;0&#8243; medium_width=&#8220;0&#8243; mobile_width=&#8220;0&#8243; width=&#8220;1\/1&#8243; uncode_shortcode_id=&#8220;634685&#8243;][vc_gallery el_id=&#8220;gallery-213396&#8243; type=&#8220;linear&#8220; medias=&#8220;161182,161183,161184,161185,161186,161216,161217,161218,161219,161220,161221,160257,161223,161224,161225,161226,161227&#8243; gutter_size=&#8220;6&#8243; linear_width=&#8220;clamp(100px, 24vw, 200px)&#8220; linear_speed=&#8220;0&#8243; linear_hover=&#8220;yes&#8220; draggable=&#8220;yes&#8220; marquee_freeze=&#8220;yes&#8220; media_items=&#8220;media|nolink|original&#8220; single_overlay_opacity=&#8220;1&#8243; single_overlay_anim=&#8220;no&#8220; single_text_anim=&#8220;no&#8220; single_image_coloration=&#8220;desaturated&#8220; single_image_color_anim=&#8220;yes&#8220; single_padding=&#8220;2&#8243; single_border=&#8220;yes&#8220; uncode_shortcode_id=&#8220;632260&#8243; single_link=&#8220;url:%23&#8243; items=&#8220;eyIxNTkyNTFfaSI6eyJzaW5nbGVfb3ZlcmxheV9jb2xvciI6IiIsInNpbmdsZV9pbWFnZV9jb2xvcmF0aW9uIjoiZGVzYXR1cmF0ZWQiLCJzaW5nbGVfbGluayI6InVybDpodHRwczovL2V1cm93aW5kZW5lcmd5LmNvbS98dGFyZ2V0Ol9ibGFuayIsInNpbmdsZV9vdmVybGF5X2FuaW0iOiJ5ZXMifSwiMTU5MjUwX2kiOnsic2luZ2xlX2ltYWdlX2NvbG9yYXRpb24iOiJkZXNhdHVyYXRlZCJ9LCIxNTkyNzJfaSI6eyJzaW5nbGVfaW1hZ2VfY29sb3JhdGlvbiI6ImRlc2F0dXJhdGVkIn0sIjE1OTI3M19pIjp7InNpbmdsZV9pbWFnZV9jb2xvcmF0aW9uIjoiZGVzYXR1cmF0ZWQifSwiMTU5Mjc0X2kiOnsic2luZ2xlX2ltYWdlX2NvbG9yYXRpb24iOiJkZXNhdHVyYXRlZCJ9LCIxNTkyNzVfaSI6eyJzaW5nbGVfaW1hZ2VfY29sb3JhdGlvbiI6ImRlc2F0dXJhdGVkIn0sIjE1OTI3Nl9pIjp7InNpbmdsZV9pbWFnZV9jb2xvcmF0aW9uIjoiZGVzYXR1cmF0ZWQifSwiMTU5Mjc3X2kiOnsic2luZ2xlX2ltYWdlX2NvbG9yYXRpb24iOiJkZXNhdHVyYXRlZCJ9LCIxNTkyNzhfaSI6eyJzaW5nbGVfaW1hZ2VfY29sb3JhdGlvbiI6ImRlc2F0dXJhdGVkIn0sIjE1OTI3OV9pIjp7InNpbmdsZV9pbWFnZV9jb2xvcmF0aW9uIjoiZGVzYXR1cmF0ZWQifSwiMTU5MjgwX2kiOnsic2luZ2xlX2ltYWdlX2NvbG9yYXRpb24iOiJkZXNhdHVyYXRlZCJ9LCIxNTkyODFfaSI6eyJzaW5nbGVfaW1hZ2VfY29sb3JhdGlvbiI6ImRlc2F0dXJhdGVkIn0sIjE1OTI4Ml9pIjp7InNpbmdsZV9pbWFnZV9jb2xvcmF0aW9uIjoiZGVzYXR1cmF0ZWQiLCJzaW5nbGVfbGluayI6InVybDpodHRwczovL2Vudmlyb24tZWNzLnNrLyIsInNpbmdsZV9sYXlvdXRfbWVkaWFfaXRlbXMiOiJtZWRpYXxsaWdodGJveHxvcmlnaW5hbCIsInNpbmdsZV9vdmVybGF5X3Zpc2libGUiOiJubyIsInNpbmdsZV9pbWFnZV9jb2xvcl9hbmltIjoieWVzIiwic2luZ2xlX2ltYWdlX2FuaW0iOiJ5ZXMiLCJzaW5nbGVfaWNvbiI6IiIsInNpbmdsZV9vdmVybGF5X2FuaW0iOiJ5ZXMiLCJzaW5nbGVfb3ZlcmxheV9vcGFjaXR5IjoiMSJ9fQ==&#8220;][\/vc_column][\/vc_row][vc_row][vc_column width=&#8220;1\/1&#8243;][vc_raw_html]PGlmcmFtZSBzcmM9Imh0dHBzOi8vd3d3Lmdvb2dsZS5jb20vbWFwcy9lbWJlZD9wYj0hMW0xOCExbTEyITFtMyExZDM2Mi43NTgzNzMzMzk4OTgyNCEyZDE3LjEyNTk4NDI0Mjk0NjQ2ITNkNDguMTY0MDg3NDQ1Mzk5NjQ1ITJtMyExZjAhMmYwITNmMCEzbTIhMWkxMDI0ITJpNzY4ITRmMTMuMSEzbTMhMW0yITFzMHg0NzZjOGViMTYwMDI0ODg5JTNBMHg2MjIyMzYyN2MxYzg1ODdjITJzU3luQ28lMjBHcm91cCE1ZTAhM20yITFzZW4hMnNzayE0djE3NzE1OTg1NDA0MjghNW0yITFzZW4hMnNzayIgd2lkdGg9IjgwMCIgaGVpZ2h0PSI4MDAiIHN0eWxlPSJib3JkZXI6MDsiIGFsbG93ZnVsbHNjcmVlbj0iIiBsb2FkaW5nPSJsYXp5IiByZWZlcnJlcnBvbGljeT0ibm8tcmVmZXJyZXItd2hlbi1kb3duZ3JhZGUiPjwvaWZyYW1lPg==[\/vc_raw_html][\/vc_column][\/vc_row]<\/p>\n<\/div>","protected":false},"excerpt":{"rendered":"<p>[vc_row unlock_row_content=&#8220;yes&#8220; row_height_percent=&#8220;0&#8243; override_padding=&#8220;yes&#8220; h_padding=&#8220;7&#8243; top_padding=&#8220;7&#8243; bottom_padding=&#8220;7&#8243; back_image=&#8220;160813&#8243; back_position=&#8220;center top&#8220; overlay_alpha=&#8220;69&#8243; overlay_color_blend=&#8220;multiply&#8220; overlay_animated=&#8220;yes&#8220; overlay_animated_size=&#8220;0.7&#8243; gutter_size=&#8220;3&#8243; column_width_percent=&#8220;100&#8243; shift_y=&#8220;0&#8243; z_index=&#8220;0&#8243; bottom_divider=&#8220;gradient&#8220; css_animation=&#8220;scroll-trigger&#8220; [&hellip;]<\/p>\n","protected":false},"author":1,"featured_media":0,"parent":0,"menu_order":0,"comment_status":"closed","ping_status":"closed","template":"","meta":{"footnotes":""},"class_list":["post-161272","page","type-page","status-publish","hentry"],"_links":{"self":[{"href":"https:\/\/syncogroup.eu\/de\/wp-json\/wp\/v2\/pages\/161272","targetHints":{"allow":["GET"]}}],"collection":[{"href":"https:\/\/syncogroup.eu\/de\/wp-json\/wp\/v2\/pages"}],"about":[{"href":"https:\/\/syncogroup.eu\/de\/wp-json\/wp\/v2\/types\/page"}],"author":[{"embeddable":true,"href":"https:\/\/syncogroup.eu\/de\/wp-json\/wp\/v2\/users\/1"}],"replies":[{"embeddable":true,"href":"https:\/\/syncogroup.eu\/de\/wp-json\/wp\/v2\/comments?post=161272"}],"version-history":[{"count":10,"href":"https:\/\/syncogroup.eu\/de\/wp-json\/wp\/v2\/pages\/161272\/revisions"}],"predecessor-version":[{"id":161704,"href":"https:\/\/syncogroup.eu\/de\/wp-json\/wp\/v2\/pages\/161272\/revisions\/161704"}],"wp:attachment":[{"href":"https:\/\/syncogroup.eu\/de\/wp-json\/wp\/v2\/media?parent=161272"}],"curies":[{"name":"wp","href":"https:\/\/api.w.org\/{rel}","templated":true}]}}