{"id":161194,"date":"2026-03-25T17:37:43","date_gmt":"2026-03-25T16:37:43","guid":{"rendered":"https:\/\/synco.smartbase.sk\/energie-umwelt\/"},"modified":"2026-03-25T17:37:50","modified_gmt":"2026-03-25T16:37:50","slug":"energie-umwelt","status":"publish","type":"page","link":"https:\/\/syncogroup.eu\/de\/energie-umwelt\/","title":{"rendered":"Energie &amp; Umwelt"},"content":{"rendered":"<div class=\"wpb-content-wrapper\"><p>[vc_row unlock_row_content=&#8220;yes&#8220; row_height_percent=&#8220;0&#8243; override_padding=&#8220;yes&#8220; h_padding=&#8220;7&#8243; top_padding=&#8220;7&#8243; bottom_padding=&#8220;7&#8243; back_image=&#8220;159428&#8243; back_attachment=&#8220;inherit&#8220; back_position=&#8220;center top&#8220; overlay_alpha=&#8220;75&#8243; overlay_color_blend=&#8220;multiply&#8220; overlay_animated=&#8220;yes&#8220; overlay_animated_size=&#8220;0.7&#8243; gutter_size=&#8220;3&#8243; column_width_percent=&#8220;100&#8243; shift_y=&#8220;0&#8243; z_index=&#8220;0&#8243; bottom_divider=&#8220;gradient&#8220; css_animation=&#8220;scroll-trigger&#8220; animation_state=&#8220;end&#8220; animation_origin=&#8220;center left&#8220; animation_scale_val=&#8220;100&#8243; animation_opacity=&#8220;0&#8243; animation_x=&#8220;0&#8243; animation_y=&#8220;0&#8243; animation_blur=&#8220;0&#8243; animation_rotate=&#8220;0&#8243; animation_perspective=&#8220;0&#8243; animation_offset_top=&#8220;0&#8243; animation_offset_bottom=&#8220;86&#8243; content_parallax=&#8220;3&#8243; uncode_shortcode_id=&#8220;185313&#8243; back_color_type=&#8220;uncode-solid&#8220; overlay_color_type=&#8220;uncode-solid&#8220; overlay_color_solid=&#8220;#0c4f48&#8243; back_color_solid=&#8220;#0c4f48&#8243; overlay_animated_1_color_type=&#8220;uncode-solid&#8220; overlay_animated_1_color_solid=&#8220;#518883&#8243; overlay_animated_2_color_type=&#8220;uncode-solid&#8220; overlay_animated_2_color_solid=&#8220;#74faba&#8220;][vc_column column_width_percent=&#8220;100&#8243; position_vertical=&#8220;bottom&#8220; gutter_size=&#8220;4&#8243; style=&#8220;dark&#8220; overlay_alpha=&#8220;50&#8243; shift_x=&#8220;0&#8243; shift_y=&#8220;0&#8243; shift_y_down=&#8220;0&#8243; z_index=&#8220;0&#8243; medium_width=&#8220;0&#8243; mobile_width=&#8220;0&#8243; width=&#8220;1\/1&#8243; uncode_shortcode_id=&#8220;211939&#8243;][vc_row_inner row_inner_height_percent=&#8220;35&#8243; overlay_alpha=&#8220;50&#8243; gutter_size=&#8220;3&#8243; shift_y=&#8220;0&#8243; z_index=&#8220;0&#8243; limit_content=&#8220;&#8220; uncode_shortcode_id=&#8220;826822&#8243;][vc_column_inner column_width_percent=&#8220;100&#8243; position_horizontal=&#8220;left&#8220; gutter_size=&#8220;3&#8243; style=&#8220;dark&#8220; overlay_alpha=&#8220;50&#8243; shift_x=&#8220;0&#8243; shift_y=&#8220;0&#8243; shift_y_down=&#8220;0&#8243; z_index=&#8220;0&#8243; medium_width=&#8220;0&#8243; mobile_width=&#8220;0&#8243; width=&#8220;9\/12&#8243; uncode_shortcode_id=&#8220;311432&#8243;][vc_custom_heading text_font=&#8220;font-161747&#8243; text_size=&#8220;fontsize-210105&#8243; text_weight=&#8220;300&#8243; text_space=&#8220;fontspace-111509&#8243; uncode_shortcode_id=&#8220;287108&#8243;]Herausforderungen in Chancen verwandeln[\/vc_custom_heading][vc_column_text uncode_shortcode_id=&#8220;303400&#8243;]Ein umfassender Ansatz f\u00fcr erneuerbare und effiziente Energiesysteme[\/vc_column_text][\/vc_column_inner][\/vc_row_inner][vc_separator sep_color=&#8220;&#8220; full_width=&#8220;yes&#8220; uncode_shortcode_id=&#8220;105882&#8243;][\/vc_column][\/vc_row][vc_row unlock_row_content=&#8220;yes&#8220; row_height_percent=&#8220;0&#8243; override_padding=&#8220;yes&#8220; h_padding=&#8220;7&#8243; top_padding=&#8220;5&#8243; bottom_padding=&#8220;1&#8243; overlay_alpha=&#8220;50&#8243; equal_height=&#8220;yes&#8220; gutter_size=&#8220;5&#8243; column_width_percent=&#8220;100&#8243; shift_y=&#8220;0&#8243; z_index=&#8220;0&#8243; content_parallax=&#8220;0&#8243; uncode_shortcode_id=&#8220;119092&#8243; back_color_type=&#8220;uncode-solid&#8220; back_color_solid=&#8220;#ffffff&#8220;][vc_column column_width_percent=&#8220;100&#8243; position_vertical=&#8220;justify&#8220; align_horizontal=&#8220;align_center&#8220; gutter_size=&#8220;4&#8243; overlay_alpha=&#8220;50&#8243; shift_x=&#8220;0&#8243; shift_y=&#8220;0&#8243; shift_y_down=&#8220;0&#8243; z_index=&#8220;0&#8243; medium_width=&#8220;0&#8243; mobile_width=&#8220;0&#8243; width=&#8220;1\/2&#8243; uncode_shortcode_id=&#8220;198422&#8243;][vc_row_inner row_inner_height_percent=&#8220;0&#8243; overlay_alpha=&#8220;50&#8243; gutter_size=&#8220;4&#8243; shift_y=&#8220;0&#8243; z_index=&#8220;0&#8243; limit_content=&#8220;&#8220; uncode_shortcode_id=&#8220;159005&#8243;][vc_column_inner column_width_percent=&#8220;100&#8243; gutter_size=&#8220;3&#8243; overlay_alpha=&#8220;50&#8243; shift_x=&#8220;0&#8243; shift_y=&#8220;0&#8243; shift_y_down=&#8220;0&#8243; z_index=&#8220;0&#8243; medium_width=&#8220;0&#8243; mobile_width=&#8220;0&#8243; width=&#8220;1\/1&#8243; uncode_shortcode_id=&#8220;187117&#8243;][vc_custom_heading heading_semantic=&#8220;h4&#8243; text_font=&#8220;font-161747&#8243; text_weight=&#8220;300&#8243; text_height=&#8220;fontheight-357766&#8243; text_space=&#8220;fontspace-111509&#8243; uncode_shortcode_id=&#8220;466090&#8243;]Innovative und zuverl\u00e4ssige Energiel\u00f6sungen f\u00fcr eine effiziente und verantwortungsvolle Energieversorgung von Industrie, Geb\u00e4uden und Gemeinden. Der Schwerpunkt liegt auf der Integration fortschrittlicher Technologien, die die Leistung optimieren, den Energieverbrauch senken und den \u00dcbergang zu nachhaltigen Energiequellen unterst\u00fctzen. Jedes Projekt wird mit Pr\u00e4zision und einer langfristigen Vision angegangen, um Zuverl\u00e4ssigkeit, Sicherheit und messbare Umweltvorteile zu gew\u00e4hrleisten.[\/vc_custom_heading][\/vc_column_inner][\/vc_row_inner][\/vc_column][vc_column column_width_percent=&#8220;100&#8243; gutter_size=&#8220;3&#8243; style=&#8220;dark&#8220; overlay_alpha=&#8220;50&#8243; shift_x=&#8220;0&#8243; shift_y=&#8220;0&#8243; shift_y_down=&#8220;0&#8243; z_index=&#8220;0&#8243; medium_visibility=&#8220;yes&#8220; medium_width=&#8220;0&#8243; mobile_visibility=&#8220;yes&#8220; mobile_width=&#8220;0&#8243; width=&#8220;1\/2&#8243; uncode_shortcode_id=&#8220;803921&#8243;][vc_single_image media=&#8220;161177&#8243; media_width_percent=&#8220;100&#8243; media_ratio=&#8220;five-four&#8220; shape=&#8220;img-round&#8220; radius=&#8220;lg&#8220; advanced=&#8220;yes&#8220; media_overlay_opacity=&#8220;50&#8243; media_overlay_anim=&#8220;no&#8220; media_text_anim=&#8220;no&#8220; media_image_anim=&#8220;scroll&#8220; media_image_scroll=&#8220;zoom&#8220; media_image_scroll_val=&#8220;6&#8243; media_padding=&#8220;2&#8243; uncode_shortcode_id=&#8220;632836&#8243;][\/vc_column][\/vc_row][vc_row unlock_row_content=&#8220;yes&#8220; row_height_percent=&#8220;0&#8243; override_padding=&#8220;yes&#8220; h_padding=&#8220;0&#8243; top_padding=&#8220;4&#8243; bottom_padding=&#8220;5&#8243; overlay_alpha=&#8220;50&#8243; gutter_size=&#8220;3&#8243; column_width_percent=&#8220;100&#8243; shift_y=&#8220;0&#8243; z_index=&#8220;0&#8243; content_parallax=&#8220;0&#8243; uncode_shortcode_id=&#8220;104636&#8243; back_color_type=&#8220;uncode-solid&#8220; back_color_solid=&#8220;#ffffff&#8220;][vc_column column_width_percent=&#8220;100&#8243; position_vertical=&#8220;middle&#8220; align_horizontal=&#8220;align_center&#8220; gutter_size=&#8220;4&#8243; overlay_alpha=&#8220;50&#8243; shift_x=&#8220;0&#8243; shift_y=&#8220;0&#8243; shift_y_down=&#8220;0&#8243; z_index=&#8220;0&#8243; medium_width=&#8220;0&#8243; mobile_width=&#8220;0&#8243; width=&#8220;1\/1&#8243; uncode_shortcode_id=&#8220;634685&#8243;][vc_empty_space empty_h=&#8220;1&#8243;][vc_custom_heading heading_semantic=&#8220;h3&#8243; text_font=&#8220;font-161747&#8243; text_size=&#8220;fontsize-210105&#8243; text_weight=&#8220;300&#8243; text_space=&#8220;fontspace-111509&#8243; uncode_shortcode_id=&#8220;192478&#8243;]Entdecken Sie unsere Energieabteilung[\/vc_custom_heading][vc_gallery el_id=&#8220;gallery-213396&#8243; type=&#8220;linear&#8220; medias=&#8220;161182,161183,161184,161185,161186&#8243; gutter_size=&#8220;6&#8243; linear_width=&#8220;clamp(100px, 24vw, 200px)&#8220; linear_speed=&#8220;0&#8243; linear_hover=&#8220;yes&#8220; draggable=&#8220;yes&#8220; marquee_freeze=&#8220;yes&#8220; media_items=&#8220;media|custom_link|original&#8220; single_overlay_opacity=&#8220;1&#8243; single_overlay_anim=&#8220;no&#8220; single_text_anim=&#8220;no&#8220; single_image_coloration=&#8220;desaturated&#8220; single_image_color_anim=&#8220;yes&#8220; single_padding=&#8220;2&#8243; single_border=&#8220;yes&#8220; uncode_shortcode_id=&#8220;203994&#8243; single_link=&#8220;url:%23&#8243; items=&#8220;eyIxNTkyNTFfaSI6eyJzaW5nbGVfb3ZlcmxheV9jb2xvciI6IiIsInNpbmdsZV9pbWFnZV9jb2xvcmF0aW9uIjoiZGVzYXR1cmF0ZWQiLCJzaW5nbGVfbGluayI6InVybDpodHRwczovL2V1cm93aW5kZW5lcmd5LmNvbS98dGFyZ2V0Ol9ibGFuayIsInNpbmdsZV9vdmVybGF5X2FuaW0iOiJ5ZXMifSwiMTU5MjUwX2kiOnsic2luZ2xlX2ltYWdlX2NvbG9yYXRpb24iOiJkZXNhdHVyYXRlZCJ9LCIxNTkyNzJfaSI6eyJzaW5nbGVfaW1hZ2VfY29sb3JhdGlvbiI6ImRlc2F0dXJhdGVkIiwic2luZ2xlX2xpbmsiOiJ1cmw6aHR0cHM6Ly93d3cuYXF1YXN0YXYuc2svfHRhcmdldDpfYmxhbmsifSwiMTU5MjczX2kiOnsic2luZ2xlX2ltYWdlX2NvbG9yYXRpb24iOiJkZXNhdHVyYXRlZCJ9LCIxNTkyNzRfaSI6eyJzaW5nbGVfaW1hZ2VfY29sb3JhdGlvbiI6ImRlc2F0dXJhdGVkIn0sIjE1OTI3NV9pIjp7InNpbmdsZV9pbWFnZV9jb2xvcmF0aW9uIjoiZGVzYXR1cmF0ZWQifSwiMTU5Mjc2X2kiOnsic2luZ2xlX2ltYWdlX2NvbG9yYXRpb24iOiJkZXNhdHVyYXRlZCJ9LCIxNTkyNzdfaSI6eyJzaW5nbGVfaW1hZ2VfY29sb3JhdGlvbiI6ImRlc2F0dXJhdGVkIn0sIjE1OTI3OF9pIjp7InNpbmdsZV9pbWFnZV9jb2xvcmF0aW9uIjoiZGVzYXR1cmF0ZWQifSwiMTU5Mjc5X2kiOnsic2luZ2xlX2ltYWdlX2NvbG9yYXRpb24iOiJkZXNhdHVyYXRlZCJ9LCIxNTkyODBfaSI6eyJzaW5nbGVfaW1hZ2VfY29sb3JhdGlvbiI6ImRlc2F0dXJhdGVkIn0sIjE1OTI4MV9pIjp7InNpbmdsZV9pbWFnZV9jb2xvcmF0aW9uIjoiZGVzYXR1cmF0ZWQifSwiMTU5MjgyX2kiOnsic2luZ2xlX2ltYWdlX2NvbG9yYXRpb24iOiJkZXNhdHVyYXRlZCIsInNpbmdsZV9saW5rIjoidXJsOmh0dHBzOi8vZW52aXJvbi1lY3Muc2svIiwic2luZ2xlX2xheW91dF9tZWRpYV9pdGVtcyI6Im1lZGlhfGxpZ2h0Ym94fG9yaWdpbmFsIiwic2luZ2xlX292ZXJsYXlfdmlzaWJsZSI6Im5vIiwic2luZ2xlX2ltYWdlX2NvbG9yX2FuaW0iOiJ5ZXMiLCJzaW5nbGVfaW1hZ2VfYW5pbSI6InllcyIsInNpbmdsZV9pY29uIjoiIiwic2luZ2xlX292ZXJsYXlfYW5pbSI6InllcyIsInNpbmdsZV9vdmVybGF5X29wYWNpdHkiOiIxIn19&#8243;][vc_empty_space empty_h=&#8220;2&#8243;][\/vc_column][\/vc_row][vc_row unlock_row_content=&#8220;yes&#8220; row_height_percent=&#8220;0&#8243; override_padding=&#8220;yes&#8220; h_padding=&#8220;7&#8243; top_padding=&#8220;1&#8243; bottom_padding=&#8220;5&#8243; overlay_alpha=&#8220;50&#8243; gutter_size=&#8220;3&#8243; column_width_percent=&#8220;100&#8243; shift_y=&#8220;0&#8243; z_index=&#8220;0&#8243; content_parallax=&#8220;0&#8243; uncode_shortcode_id=&#8220;962326&#8243;][vc_column column_width_percent=&#8220;100&#8243; gutter_size=&#8220;4&#8243; overlay_alpha=&#8220;50&#8243; shift_x=&#8220;0&#8243; shift_y=&#8220;0&#8243; shift_y_down=&#8220;0&#8243; z_index=&#8220;0&#8243; medium_width=&#8220;0&#8243; mobile_width=&#8220;0&#8243; width=&#8220;1\/1&#8243; uncode_shortcode_id=&#8220;730276&#8243;][vc_row_inner row_inner_height_percent=&#8220;0&#8243; overlay_alpha=&#8220;50&#8243; gutter_size=&#8220;3&#8243; shift_y=&#8220;0&#8243; z_index=&#8220;0&#8243; limit_content=&#8220;&#8220; uncode_shortcode_id=&#8220;193351&#8243;][vc_column_inner column_width_percent=&#8220;100&#8243; gutter_size=&#8220;3&#8243; overlay_alpha=&#8220;50&#8243; shift_x=&#8220;0&#8243; shift_y=&#8220;0&#8243; shift_y_down=&#8220;0&#8243; z_index=&#8220;0&#8243; medium_width=&#8220;0&#8243; mobile_width=&#8220;0&#8243; width=&#8220;9\/12&#8243; uncode_shortcode_id=&#8220;187117&#8243;][vc_custom_heading heading_semantic=&#8220;h3&#8243; text_font=&#8220;font-161747&#8243; text_size=&#8220;fontsize-210105&#8243; text_weight=&#8220;300&#8243; text_space=&#8220;fontspace-111509&#8243; uncode_shortcode_id=&#8220;905461&#8243;]Mit intelligenter Energie eine saubere Zukunft gestalten[\/vc_custom_heading][\/vc_column_inner][vc_column_inner column_width_percent=&#8220;100&#8243; gutter_size=&#8220;3&#8243; overlay_alpha=&#8220;50&#8243; shift_x=&#8220;0&#8243; shift_y=&#8220;0&#8243; shift_y_down=&#8220;0&#8243; z_index=&#8220;0&#8243; medium_visibility=&#8220;yes&#8220; medium_width=&#8220;0&#8243; mobile_visibility=&#8220;yes&#8220; mobile_width=&#8220;0&#8243; width=&#8220;3\/12&#8243; uncode_shortcode_id=&#8220;839053&#8243;][\/vc_column_inner][\/vc_row_inner][vc_row_inner row_inner_height_percent=&#8220;0&#8243; overlay_alpha=&#8220;50&#8243; gutter_size=&#8220;4&#8243; shift_y=&#8220;0&#8243; z_index=&#8220;0&#8243; limit_content=&#8220;&#8220; uncode_shortcode_id=&#8220;870065&#8243;][vc_column_inner column_width_percent=&#8220;100&#8243; align_horizontal=&#8220;align_right&#8220; gutter_size=&#8220;3&#8243; overlay_alpha=&#8220;50&#8243; shift_x=&#8220;0&#8243; shift_y=&#8220;0&#8243; shift_y_down=&#8220;0&#8243; z_index=&#8220;0&#8243; medium_width=&#8220;0&#8243; mobile_width=&#8220;0&#8243; width=&#8220;1\/1&#8243; uncode_shortcode_id=&#8220;144795&#8243;][vc_separator sep_color=&#8220;&#8220; uncode_shortcode_id=&#8220;711625&#8243;][\/vc_column_inner][\/vc_row_inner][vc_row_inner row_inner_height_percent=&#8220;0&#8243; overlay_alpha=&#8220;50&#8243; gutter_size=&#8220;4&#8243; shift_y=&#8220;0&#8243; z_index=&#8220;0&#8243; limit_content=&#8220;&#8220; uncode_shortcode_id=&#8220;870065&#8243;][vc_column_inner column_width_percent=&#8220;100&#8243; gutter_size=&#8220;5&#8243; overlay_alpha=&#8220;50&#8243; shift_x=&#8220;0&#8243; shift_y=&#8220;0&#8243; shift_y_down=&#8220;0&#8243; z_index=&#8220;0&#8243; medium_width=&#8220;0&#8243; mobile_width=&#8220;0&#8243; width=&#8220;2\/12&#8243; uncode_shortcode_id=&#8220;659586&#8243;][vc_single_image media=&#8220;161178&#8243; media_width_use_pixel=&#8220;yes&#8220; uncode_shortcode_id=&#8220;109038&#8243; media_width_pixel=&#8220;80&#8243;][\/vc_column_inner][vc_column_inner width=&#8220;4\/12&#8243;][vc_custom_heading heading_semantic=&#8220;h3&#8243; text_font=&#8220;font-161747&#8243; text_size=&#8220;h1&#8243; text_weight=&#8220;300&#8243; text_height=&#8220;fontheight-357766&#8243; text_space=&#8220;fontspace-111509&#8243; uncode_shortcode_id=&#8220;779423&#8243;]Solarenergie[\/vc_custom_heading][\/vc_column_inner][vc_column_inner column_width_percent=&#8220;100&#8243; gutter_size=&#8220;3&#8243; overlay_alpha=&#8220;50&#8243; shift_x=&#8220;0&#8243; shift_y=&#8220;0&#8243; shift_y_down=&#8220;0&#8243; z_index=&#8220;0&#8243; medium_width=&#8220;0&#8243; mobile_width=&#8220;0&#8243; width=&#8220;6\/12&#8243; uncode_shortcode_id=&#8220;187117&#8243;][vc_custom_heading text_color=&#8220;color-wvjs&#8220; heading_semantic=&#8220;p&#8220; text_font=&#8220;font-161747&#8243; text_size=&#8220;h4&#8243; text_weight=&#8220;300&#8243; text_height=&#8220;fontheight-524109&#8243; text_space=&#8220;fontspace-111509&#8243; uncode_shortcode_id=&#8220;173071&#8243; text_color_type=&#8220;uncode-palette&#8220;]Wir nutzen die Kraft der Sonne, um sauberen, erneuerbaren Strom zu erzeugen, der ein nachhaltiges Wachstum f\u00f6rdert und die Kohlenstoffemissionen reduziert.[\/vc_custom_heading][\/vc_column_inner][\/vc_row_inner][vc_separator sep_color=&#8220;&#8220; uncode_shortcode_id=&#8220;711625&#8243;][vc_row_inner row_inner_height_percent=&#8220;0&#8243; overlay_alpha=&#8220;50&#8243; gutter_size=&#8220;4&#8243; shift_y=&#8220;0&#8243; z_index=&#8220;0&#8243; limit_content=&#8220;&#8220; uncode_shortcode_id=&#8220;870065&#8243;][vc_column_inner column_width_percent=&#8220;100&#8243; gutter_size=&#8220;5&#8243; overlay_alpha=&#8220;50&#8243; shift_x=&#8220;0&#8243; shift_y=&#8220;0&#8243; shift_y_down=&#8220;0&#8243; z_index=&#8220;0&#8243; medium_width=&#8220;0&#8243; mobile_width=&#8220;0&#8243; width=&#8220;2\/12&#8243; uncode_shortcode_id=&#8220;659586&#8243;][vc_single_image media=&#8220;161179&#8243; media_width_use_pixel=&#8220;yes&#8220; uncode_shortcode_id=&#8220;100950&#8243; media_width_pixel=&#8220;80&#8243;][\/vc_column_inner][vc_column_inner width=&#8220;4\/12&#8243;][vc_custom_heading heading_semantic=&#8220;h3&#8243; text_font=&#8220;font-161747&#8243; text_size=&#8220;h1&#8243; text_weight=&#8220;300&#8243; text_height=&#8220;fontheight-357766&#8243; text_space=&#8220;fontspace-111509&#8243; uncode_shortcode_id=&#8220;885566&#8243;]Windenergie[\/vc_custom_heading][\/vc_column_inner][vc_column_inner column_width_percent=&#8220;100&#8243; gutter_size=&#8220;3&#8243; overlay_alpha=&#8220;50&#8243; shift_x=&#8220;0&#8243; shift_y=&#8220;0&#8243; shift_y_down=&#8220;0&#8243; z_index=&#8220;0&#8243; medium_width=&#8220;0&#8243; mobile_width=&#8220;0&#8243; width=&#8220;6\/12&#8243; uncode_shortcode_id=&#8220;187117&#8243;][vc_custom_heading text_color=&#8220;color-wvjs&#8220; heading_semantic=&#8220;p&#8220; text_font=&#8220;font-161747&#8243; text_size=&#8220;h4&#8243; text_weight=&#8220;300&#8243; text_height=&#8220;fontheight-524109&#8243; text_space=&#8220;fontspace-111509&#8243; uncode_shortcode_id=&#8220;498052&#8243; text_color_type=&#8220;uncode-palette&#8220;]Wir nutzen die nat\u00fcrliche Kraft des Windes, um effiziente und saubere Energie f\u00fcr eine saubere, gr\u00fcnere Zukunft zu erzeugen.[\/vc_custom_heading][\/vc_column_inner][\/vc_row_inner][vc_separator sep_color=&#8220;&#8220; uncode_shortcode_id=&#8220;711625&#8243;][vc_row_inner row_inner_height_percent=&#8220;0&#8243; overlay_alpha=&#8220;50&#8243; gutter_size=&#8220;4&#8243; shift_y=&#8220;0&#8243; z_index=&#8220;0&#8243; limit_content=&#8220;&#8220; uncode_shortcode_id=&#8220;870065&#8243;][vc_column_inner column_width_percent=&#8220;100&#8243; gutter_size=&#8220;5&#8243; overlay_alpha=&#8220;50&#8243; shift_x=&#8220;0&#8243; shift_y=&#8220;0&#8243; shift_y_down=&#8220;0&#8243; z_index=&#8220;0&#8243; medium_width=&#8220;0&#8243; mobile_width=&#8220;0&#8243; width=&#8220;2\/12&#8243; uncode_shortcode_id=&#8220;659586&#8243;][vc_single_image media=&#8220;161180&#8243; media_width_use_pixel=&#8220;yes&#8220; uncode_shortcode_id=&#8220;675285&#8243; media_width_pixel=&#8220;80&#8243;][\/vc_column_inner][vc_column_inner width=&#8220;4\/12&#8243;][vc_custom_heading heading_semantic=&#8220;h3&#8243; text_font=&#8220;font-161747&#8243; text_size=&#8220;h1&#8243; text_weight=&#8220;300&#8243; text_height=&#8220;fontheight-357766&#8243; text_space=&#8220;fontspace-111509&#8243; uncode_shortcode_id=&#8220;559702&#8243;]Wasserkraft[\/vc_custom_heading][\/vc_column_inner][vc_column_inner column_width_percent=&#8220;100&#8243; gutter_size=&#8220;3&#8243; overlay_alpha=&#8220;50&#8243; shift_x=&#8220;0&#8243; shift_y=&#8220;0&#8243; shift_y_down=&#8220;0&#8243; z_index=&#8220;0&#8243; medium_width=&#8220;0&#8243; mobile_width=&#8220;0&#8243; width=&#8220;6\/12&#8243; uncode_shortcode_id=&#8220;187117&#8243;][vc_custom_heading text_color=&#8220;color-wvjs&#8220; heading_semantic=&#8220;p&#8220; text_font=&#8220;font-161747&#8243; text_size=&#8220;h4&#8243; text_weight=&#8220;300&#8243; text_height=&#8220;fontheight-524109&#8243; text_space=&#8220;fontspace-111509&#8243; uncode_shortcode_id=&#8220;890093&#8243; text_color_type=&#8220;uncode-palette&#8220;]Wir verwandeln die Bewegung von Wasser in eine zuverl\u00e4ssige Quelle f\u00fcr erneuerbare Energie und f\u00f6rdern ein effizientes Ressourcenmanagement.[\/vc_custom_heading][\/vc_column_inner][\/vc_row_inner][vc_separator sep_color=&#8220;&#8220; uncode_shortcode_id=&#8220;711625&#8243;][vc_row_inner row_inner_height_percent=&#8220;0&#8243; overlay_alpha=&#8220;50&#8243; gutter_size=&#8220;4&#8243; shift_y=&#8220;0&#8243; z_index=&#8220;0&#8243; limit_content=&#8220;&#8220; uncode_shortcode_id=&#8220;870065&#8243;][vc_column_inner column_width_percent=&#8220;100&#8243; gutter_size=&#8220;5&#8243; overlay_alpha=&#8220;50&#8243; shift_x=&#8220;0&#8243; shift_y=&#8220;0&#8243; shift_y_down=&#8220;0&#8243; z_index=&#8220;0&#8243; medium_width=&#8220;0&#8243; mobile_width=&#8220;0&#8243; width=&#8220;2\/12&#8243; uncode_shortcode_id=&#8220;659586&#8243;][vc_single_image media=&#8220;161181&#8243; media_width_use_pixel=&#8220;yes&#8220; uncode_shortcode_id=&#8220;160024&#8243; media_width_pixel=&#8220;80&#8243;][\/vc_column_inner][vc_column_inner width=&#8220;4\/12&#8243;][vc_custom_heading heading_semantic=&#8220;h3&#8243; text_font=&#8220;font-161747&#8243; text_size=&#8220;h1&#8243; text_weight=&#8220;300&#8243; text_height=&#8220;fontheight-357766&#8243; text_space=&#8220;fontspace-111509&#8243; uncode_shortcode_id=&#8220;133028&#8243;]Energie aus Wasserstoff[\/vc_custom_heading][\/vc_column_inner][vc_column_inner column_width_percent=&#8220;100&#8243; gutter_size=&#8220;3&#8243; overlay_alpha=&#8220;50&#8243; shift_x=&#8220;0&#8243; shift_y=&#8220;0&#8243; shift_y_down=&#8220;0&#8243; z_index=&#8220;0&#8243; medium_width=&#8220;0&#8243; mobile_width=&#8220;0&#8243; width=&#8220;6\/12&#8243; uncode_shortcode_id=&#8220;187117&#8243;][vc_custom_heading text_color=&#8220;color-wvjs&#8220; heading_semantic=&#8220;p&#8220; text_font=&#8220;font-161747&#8243; text_size=&#8220;h4&#8243; text_weight=&#8220;300&#8243; text_height=&#8220;fontheight-524109&#8243; text_space=&#8220;fontspace-111509&#8243; uncode_shortcode_id=&#8220;157399&#8243; text_color_type=&#8220;uncode-palette&#8220;]Wir setzen auf Wasserstoff als Schl\u00fcssel zu einem emissionsfreien Energiesystem, das Flexibilit\u00e4t, Nachhaltigkeit und langfristige Stabilit\u00e4t vereint.[\/vc_custom_heading][\/vc_column_inner][\/vc_row_inner][\/vc_column][\/vc_row][vc_row row_height_percent=&#8220;0&#8243; override_padding=&#8220;yes&#8220; h_padding=&#8220;2&#8243; top_padding=&#8220;5&#8243; bottom_padding=&#8220;0&#8243; overlay_alpha=&#8220;50&#8243; gutter_size=&#8220;3&#8243; column_width_percent=&#8220;100&#8243; shift_y=&#8220;0&#8243; z_index=&#8220;0&#8243; css_animation=&#8220;scroll-trigger&#8220; animation_scale_val=&#8220;100&#8243; animation_opacity=&#8220;100&#8243; animation_x=&#8220;-35&#8243; animation_y=&#8220;0&#8243; animation_blur=&#8220;0&#8243; animation_perspective=&#8220;0&#8243; animation_offset_top=&#8220;100&#8243; animation_offset_bottom=&#8220;200&#8243; content_parallax=&#8220;0&#8243; uncode_shortcode_id=&#8220;572685&#8243;][vc_column column_width_percent=&#8220;100&#8243; position_vertical=&#8220;middle&#8220; align_horizontal=&#8220;align_center&#8220; gutter_size=&#8220;4&#8243; overlay_alpha=&#8220;50&#8243; shift_x=&#8220;0&#8243; shift_y=&#8220;0&#8243; shift_y_down=&#8220;0&#8243; z_index=&#8220;0&#8243; medium_width=&#8220;0&#8243; mobile_width=&#8220;0&#8243; width=&#8220;1\/1&#8243; uncode_shortcode_id=&#8220;397149&#8243;][vc_gallery el_id=&#8220;gallery-186704&#8243; type=&#8220;carousel&#8220; medias=&#8220;161187,161188,161189,161190,161191,161192,161193&#8243; carousel_lg=&#8220;2&#8243; carousel_md=&#8220;2&#8243; carousel_sm=&#8220;1&#8243; thumb_size=&#8220;three-two&#8220; gutter_size=&#8220;2&#8243; media_items=&#8220;media|nolink|original,icon&#8220; carousel_interval=&#8220;0&#8243; carousel_navspeed=&#8220;400&#8243; carousel_loop=&#8220;yes&#8220; carousel_overflow=&#8220;yes&#8220; stage_padding=&#8220;0&#8243; single_shape=&#8220;round&#8220; radius=&#8220;lg&#8220; single_overlay_opacity=&#8220;50&#8243; single_overlay_anim=&#8220;no&#8220; single_text_anim=&#8220;no&#8220; single_image_anim=&#8220;no&#8220; single_padding=&#8220;2&#8243; single_border=&#8220;yes&#8220; custom_cursor=&#8220;blur&#8220; cursor_title=&#8220;yes&#8220; hide_cursor_bg=&#8220;yes&#8220; uncode_shortcode_id=&#8220;318981&#8243; custom_tooltip=&#8220;DRAG&#8220; tooltip_class=&#8220;h6 fontheight-357766 font-787672&#8243;][\/vc_column][\/vc_row][vc_row][vc_column width=&#8220;1\/1&#8243;][vc_empty_space empty_h=&#8220;4&#8243;][\/vc_column][\/vc_row]<\/p>\n<\/div>","protected":false},"excerpt":{"rendered":"<p>[vc_row unlock_row_content=&#8220;yes&#8220; row_height_percent=&#8220;0&#8243; override_padding=&#8220;yes&#8220; h_padding=&#8220;7&#8243; top_padding=&#8220;7&#8243; bottom_padding=&#8220;7&#8243; back_image=&#8220;159428&#8243; back_attachment=&#8220;inherit&#8220; back_position=&#8220;center top&#8220; overlay_alpha=&#8220;75&#8243; overlay_color_blend=&#8220;multiply&#8220; overlay_animated=&#8220;yes&#8220; overlay_animated_size=&#8220;0.7&#8243; gutter_size=&#8220;3&#8243; column_width_percent=&#8220;100&#8243; shift_y=&#8220;0&#8243; z_index=&#8220;0&#8243; bottom_divider=&#8220;gradient&#8220; [&hellip;]<\/p>\n","protected":false},"author":1,"featured_media":0,"parent":0,"menu_order":0,"comment_status":"closed","ping_status":"closed","template":"","meta":{"footnotes":""},"class_list":["post-161194","page","type-page","status-publish","hentry"],"_links":{"self":[{"href":"https:\/\/syncogroup.eu\/de\/wp-json\/wp\/v2\/pages\/161194","targetHints":{"allow":["GET"]}}],"collection":[{"href":"https:\/\/syncogroup.eu\/de\/wp-json\/wp\/v2\/pages"}],"about":[{"href":"https:\/\/syncogroup.eu\/de\/wp-json\/wp\/v2\/types\/page"}],"author":[{"embeddable":true,"href":"https:\/\/syncogroup.eu\/de\/wp-json\/wp\/v2\/users\/1"}],"replies":[{"embeddable":true,"href":"https:\/\/syncogroup.eu\/de\/wp-json\/wp\/v2\/comments?post=161194"}],"version-history":[{"count":3,"href":"https:\/\/syncogroup.eu\/de\/wp-json\/wp\/v2\/pages\/161194\/revisions"}],"predecessor-version":[{"id":161207,"href":"https:\/\/syncogroup.eu\/de\/wp-json\/wp\/v2\/pages\/161194\/revisions\/161207"}],"wp:attachment":[{"href":"https:\/\/syncogroup.eu\/de\/wp-json\/wp\/v2\/media?parent=161194"}],"curies":[{"name":"wp","href":"https:\/\/api.w.org\/{rel}","templated":true}]}}